  {"id":11967,"date":"2022-02-17T22:49:45","date_gmt":"2022-02-17T21:49:45","guid":{"rendered":"https:\/\/technikapcv.pl\/e-sklep\/?post_type=product&#038;p=11967"},"modified":"2023-04-19T09:49:26","modified_gmt":"2023-04-19T07:49:26","slug":"folia-pcv-200x2mm-1mb-standard-transparentna","status":"publish","type":"product","link":"https:\/\/technikapcv.pl\/e-sklep\/produkt\/folia-pcv-200x2mm-1mb-standard-transparentna\/","title":{"rendered":"Folia PCV 200x2mm 1mb standard transparentna"},"content":{"rendered":"<table width=\"538\" cellspacing=\"0\" cellpadding=\"2\">\n<tbody>\n<tr valign=\"bottom\">\n<td style=\"background: #ffffff;\" bgcolor=\"#ffffff\" width=\"187\" height=\"16\">Rozmiar folii [mm]<\/td>\n<td style=\"background: #ffffff;\" bgcolor=\"#ffffff\" width=\"341\">200x2mm<\/td>\n<\/tr>\n<tr valign=\"bottom\">\n<td style=\"background: #cfe2f3;\" bgcolor=\"#cfe2f3\" width=\"187\" height=\"17\">Szeroko\u015b\u0107 pasa [mm]<\/td>\n<td style=\"background: #cfe2f3;\" bgcolor=\"#cfe2f3\" width=\"341\">200mm<\/td>\n<\/tr>\n<tr valign=\"bottom\">\n<td style=\"background: #ffffff;\" bgcolor=\"#ffffff\" width=\"187\" height=\"17\">Grubo\u015b\u0107 pasa [mm]<\/td>\n<td style=\"background: #ffffff;\" bgcolor=\"#ffffff\" width=\"341\">2mm<\/td>\n<\/tr>\n<tr valign=\"bottom\">\n<td style=\"background: #cfe2f3;\" bgcolor=\"#cfe2f3\" width=\"187\" height=\"17\">D\u0142ugo\u015b\u0107 pasa<\/td>\n<td style=\"background: #cfe2f3;\" bgcolor=\"#cfe2f3\" width=\"341\">1mb<\/td>\n<\/tr>\n<tr valign=\"bottom\">\n<td style=\"background: #ffffff;\" bgcolor=\"#ffffff\" width=\"187\" height=\"17\">Waga [kg]<\/td>\n<td style=\"background: #ffffff;\" bgcolor=\"#ffffff\" width=\"341\">0,5 kg<\/td>\n<\/tr>\n<tr valign=\"bottom\">\n<td style=\"background: #cfe2f3;\" bgcolor=\"#cfe2f3\" width=\"187\" height=\"17\">Kolor<\/td>\n<td style=\"background: #cfe2f3;\" bgcolor=\"#cfe2f3\" width=\"341\">Transparentny<\/td>\n<\/tr>\n<tr valign=\"top\">\n<td style=\"background: #ffffff;\" bgcolor=\"#ffffff\" width=\"187\" height=\"100\">W\u0142a\u015bciwo\u015bci<\/td>\n<td style=\"background: #ffffff;\" bgcolor=\"#ffffff\" width=\"341\">Ochrona przed wych\u0142adzaniem pomieszcze\u0144<br \/>\nRedukcja ha\u0142asu<br \/>\nOchrona przed owadami<br \/>\nOdporne na dzia\u0142ania promieni UV<a name=\"_GoBack\"><\/a>Zakres temperatur od -10 do +50 st.C<br \/>\nDu\u017ca wytrzyma\u0142o\u015b\u0107 mechaniczna<\/td>\n<\/tr>\n<tr>\n<td style=\"background: #cfe2f3;\" valign=\"top\" bgcolor=\"#cfe2f3\" width=\"187\" height=\"17\">Zastosowanie kurtyny<\/td>\n<td style=\"background: #cfe2f3;\" valign=\"bottom\" bgcolor=\"#cfe2f3\" width=\"341\">ch\u0142odnie, magazyny , zak\u0142ady przetw\u00f3rstwa spo\u017cywczego<br \/>\nbramy roz\u0142adunkowe, izolacje stanowisk pracy,<br \/>\n\u015bluzy transportowe, przegrody spawalnicze, wiaty itp.<\/td>\n<\/tr>\n<tr valign=\"bottom\">\n<td style=\"background: #ffffff;\" bgcolor=\"#ffffff\" width=\"187\" height=\"17\">Zachodzenie pasa [zak\u0142ad]<\/td>\n<td style=\"background: #ffffff;\" bgcolor=\"#ffffff\" width=\"341\">&#8211;<\/td>\n<\/tr>\n<tr valign=\"bottom\">\n<td style=\"background: #cfe2f3;\" bgcolor=\"#cfe2f3\" width=\"187\" height=\"17\">Temperatura p\u0119kania [\u00b0C]<\/td>\n<td style=\"background: #cfe2f3;\" bgcolor=\"#cfe2f3\" width=\"341\">-35<\/td>\n<\/tr>\n<tr valign=\"bottom\">\n<td style=\"background: #ffffff;\" bgcolor=\"#ffffff\" width=\"187\" height=\"16\">Minimalny wymiar kurtyny [mm]<\/td>\n<td style=\"background: #ffffff;\" bgcolor=\"#ffffff\" width=\"341\">&#8211;<\/td>\n<\/tr>\n<\/tbody>\n<\/table>\n","protected":false},"excerpt":{"rendered":"<p>Rozmiar folii [mm] 200x2mm Szeroko\u015b\u0107 pasa [mm] 200mm Grubo\u015b\u0107 pasa [mm] 2mm D\u0142ugo\u015b\u0107 pasa 1mb Waga [kg] 0,5 kg Kolor Transparentny W\u0142a\u015bciwo\u015bci Ochrona przed wych\u0142adzaniem pomieszcze\u0144 Redukcja ha\u0142asu Ochrona przed owadami Odporne na dzia\u0142ania promieni UVZakres temperatur od -10 do +50 st.C Du\u017ca wytrzyma\u0142o\u015b\u0107 mechaniczna Zastosowanie kurtyny ch\u0142odnie, magazyny , zak\u0142ady przetw\u00f3rstwa spo\u017cywczego bramy roz\u0142adunkowe, izolacje stanowisk pracy, \u015bluzy transportowe, przegrody spawalnicze, wiaty itp. Zachodzenie pasa [zak\u0142ad] &#8211; Temperatura p\u0119kania [\u00b0C] -35 Minimalny wymiar kurtyny [mm] &#8211;<\/p>\n","protected":false},"featured_media":11968,"comment_status":"open","ping_status":"closed","template":"","meta":{"om_disable_all_campaigns":false,"_monsterinsights_skip_tracking":false,"_monsterinsights_sitenote_active":false,"_monsterinsights_sitenote_note":"","_monsterinsights_sitenote_category":0},"product_brand":[],"product_cat":[112,119],"product_tag":[],"class_list":{"0":"post-11967","1":"product","2":"type-product","3":"status-publish","4":"has-post-thumbnail","6":"product_cat-pasy-pcv","7":"product_cat-pasy-pcv-standardowe","10":"first","11":"instock","12":"featured","13":"taxable","14":"shipping-taxable","15":"purchasable","16":"product-type-simple"},"aioseo_notices":[],"jetpack_sharing_enabled":true,"_links":{"self":[{"href":"https:\/\/technikapcv.pl\/e-sklep\/wp-json\/wp\/v2\/product\/11967","targetHints":{"allow":["GET"]}}],"collection":[{"href":"https:\/\/technikapcv.pl\/e-sklep\/wp-json\/wp\/v2\/product"}],"about":[{"href":"https:\/\/technikapcv.pl\/e-sklep\/wp-json\/wp\/v2\/types\/product"}],"replies":[{"embeddable":true,"href":"https:\/\/technikapcv.pl\/e-sklep\/wp-json\/wp\/v2\/comments?post=11967"}],"wp:featuredmedia":[{"embeddable":true,"href":"https:\/\/technikapcv.pl\/e-sklep\/wp-json\/wp\/v2\/media\/11968"}],"wp:attachment":[{"href":"https:\/\/technikapcv.pl\/e-sklep\/wp-json\/wp\/v2\/media?parent=11967"}],"wp:term":[{"taxonomy":"product_brand","embeddable":true,"href":"https:\/\/technikapcv.pl\/e-sklep\/wp-json\/wp\/v2\/product_brand?post=11967"},{"taxonomy":"product_cat","embeddable":true,"href":"https:\/\/technikapcv.pl\/e-sklep\/wp-json\/wp\/v2\/product_cat?post=11967"},{"taxonomy":"product_tag","embeddable":true,"href":"https:\/\/technikapcv.pl\/e-sklep\/wp-json\/wp\/v2\/product_tag?post=11967"}],"curies":[{"name":"wp","href":"https:\/\/api.w.org\/{rel}","templated":true}]}}