  {"id":12238,"date":"2023-04-26T18:14:30","date_gmt":"2023-04-26T16:14:30","guid":{"rendered":"https:\/\/technikapcv.pl\/e-sklep\/?post_type=product&#038;p=12238"},"modified":"2025-05-26T09:12:48","modified_gmt":"2025-05-26T07:12:48","slug":"folia-pcv-200x2mm-1mb-szara-nieprzezroczysta","status":"publish","type":"product","link":"https:\/\/technikapcv.pl\/e-sklep\/produkt\/folia-pcv-200x2mm-1mb-szara-nieprzezroczysta\/","title":{"rendered":"Folia PCV 200x2mm 1mb szara nieprze\u017aroczysta"},"content":{"rendered":"<table width=\"538\" cellspacing=\"0\" cellpadding=\"2\">\n<tbody>\n<tr valign=\"bottom\">\n<td style=\"background: #ffffff;\" bgcolor=\"#ffffff\" width=\"187\" height=\"16\">Rozmiar folii [mm]<\/td>\n<td style=\"background: #ffffff;\" bgcolor=\"#ffffff\" width=\"341\">200x2mm<\/td>\n<\/tr>\n<tr valign=\"bottom\">\n<td style=\"background: #cfe2f3;\" bgcolor=\"#cfe2f3\" width=\"187\" height=\"17\">Szeroko\u015b\u0107 pasa [mm]<\/td>\n<td style=\"background: #cfe2f3;\" bgcolor=\"#cfe2f3\" width=\"341\">200mm<\/td>\n<\/tr>\n<tr valign=\"bottom\">\n<td style=\"background: #ffffff;\" bgcolor=\"#ffffff\" width=\"187\" height=\"17\">Grubo\u015b\u0107 pasa [mm]<\/td>\n<td style=\"background: #ffffff;\" bgcolor=\"#ffffff\" width=\"341\">2mm<\/td>\n<\/tr>\n<tr valign=\"bottom\">\n<td style=\"background: #cfe2f3;\" bgcolor=\"#cfe2f3\" width=\"187\" height=\"17\">D\u0142ugo\u015b\u0107 pasa<\/td>\n<td style=\"background: #cfe2f3;\" bgcolor=\"#cfe2f3\" width=\"341\">1mb<\/td>\n<\/tr>\n<tr valign=\"bottom\">\n<td style=\"background: #ffffff;\" bgcolor=\"#ffffff\" width=\"187\" height=\"17\">Waga [kg]<\/td>\n<td style=\"background: #ffffff;\" bgcolor=\"#ffffff\" width=\"341\">0.5 kg<\/td>\n<\/tr>\n<tr valign=\"bottom\">\n<td style=\"background: #cfe2f3;\" bgcolor=\"#cfe2f3\" width=\"187\" height=\"17\">Kolor<\/td>\n<td style=\"background: #cfe2f3;\" bgcolor=\"#cfe2f3\" width=\"341\">szary nieprze\u017aroczysty<\/td>\n<\/tr>\n<tr valign=\"top\">\n<td style=\"background: #ffffff;\" bgcolor=\"#ffffff\" width=\"187\" height=\"100\">W\u0142a\u015bciwo\u015bci<\/td>\n<td style=\"background: #ffffff;\" bgcolor=\"#ffffff\" width=\"341\">Ochrona przed wych\u0142adzaniem pomieszcze\u0144<br \/>\nRedukcja ha\u0142asu<br \/>\nOchrona przed owadami<br \/>\nOdporne na dzia\u0142ania promieni UV<br \/>\nZakres temperatur od -10 do +50 st. C<br \/>\nDu\u017ca wytrzyma\u0142o\u015b\u0107 mechaniczna<\/td>\n<\/tr>\n<tr>\n<td style=\"background: #cfe2f3;\" valign=\"top\" bgcolor=\"#cfe2f3\" width=\"187\" height=\"17\">Zastosowanie kurtyny<\/td>\n<td style=\"background: #cfe2f3;\" valign=\"bottom\" bgcolor=\"#cfe2f3\" width=\"341\">ch\u0142odnie, magazyny , zak\u0142ady przetw\u00f3rstwa spo\u017cywczego<br \/>\nbramy roz\u0142adunkowe, izolacje stanowisk pracy,<br \/>\n\u015bluzy transportowe, przegrody spawalnicze, wiaty itp.<\/td>\n<\/tr>\n<tr valign=\"bottom\">\n<td style=\"background: #ffffff;\" bgcolor=\"#ffffff\" width=\"187\" height=\"17\">Zachodzenie pasa [zak\u0142ad]<\/td>\n<td style=\"background: #ffffff;\" bgcolor=\"#ffffff\" width=\"341\">&#8211;<\/td>\n<\/tr>\n<tr valign=\"bottom\">\n<td style=\"background: #cfe2f3;\" bgcolor=\"#cfe2f3\" width=\"187\" height=\"17\">Temperatura p\u0119kania [\u00b0C]<\/td>\n<td style=\"background: #cfe2f3;\" bgcolor=\"#cfe2f3\" width=\"341\">-35<\/td>\n<\/tr>\n<tr valign=\"bottom\">\n<td style=\"background: #ffffff;\" bgcolor=\"#ffffff\" width=\"187\" height=\"16\">Minimalny wymiar kurtyny [mm]<\/td>\n<td style=\"background: #ffffff;\" bgcolor=\"#ffffff\" width=\"341\">&#8211;<\/td>\n<\/tr>\n<\/tbody>\n<\/table>\n","protected":false},"excerpt":{"rendered":"<p>Rozmiar folii [mm] 200x2mm Szeroko\u015b\u0107 pasa [mm] 200mm Grubo\u015b\u0107 pasa [mm] 2mm D\u0142ugo\u015b\u0107 pasa 1mb Waga [kg] 0.5 kg Kolor szary nieprze\u017aroczysty W\u0142a\u015bciwo\u015bci Ochrona przed wych\u0142adzaniem pomieszcze\u0144 Redukcja ha\u0142asu Ochrona przed owadami Odporne na dzia\u0142ania promieni UV Zakres temperatur od -10 do +50 st. C Du\u017ca wytrzyma\u0142o\u015b\u0107 mechaniczna Zastosowanie kurtyny ch\u0142odnie, magazyny , zak\u0142ady przetw\u00f3rstwa spo\u017cywczego bramy roz\u0142adunkowe, izolacje stanowisk pracy, \u015bluzy transportowe, przegrody spawalnicze, wiaty itp. Zachodzenie pasa [zak\u0142ad] &#8211; Temperatura p\u0119kania [\u00b0C] -35 Minimalny wymiar kurtyny [mm] &#8211;<\/p>\n","protected":false},"featured_media":12226,"comment_status":"open","ping_status":"closed","template":"","meta":{"om_disable_all_campaigns":false,"_monsterinsights_skip_tracking":false,"_monsterinsights_sitenote_active":false,"_monsterinsights_sitenote_note":"","_monsterinsights_sitenote_category":0},"product_brand":[],"product_cat":[112,152],"product_tag":[],"class_list":{"0":"post-12238","1":"product","2":"type-product","3":"status-publish","4":"has-post-thumbnail","6":"product_cat-pasy-pcv","7":"product_cat-pasy-pcv-kolorowe-pasy-pcv","10":"first","11":"outofstock","12":"featured","13":"taxable","14":"shipping-taxable","15":"purchasable","16":"product-type-simple"},"aioseo_notices":[],"jetpack_sharing_enabled":true,"_links":{"self":[{"href":"https:\/\/technikapcv.pl\/e-sklep\/wp-json\/wp\/v2\/product\/12238","targetHints":{"allow":["GET"]}}],"collection":[{"href":"https:\/\/technikapcv.pl\/e-sklep\/wp-json\/wp\/v2\/product"}],"about":[{"href":"https:\/\/technikapcv.pl\/e-sklep\/wp-json\/wp\/v2\/types\/product"}],"replies":[{"embeddable":true,"href":"https:\/\/technikapcv.pl\/e-sklep\/wp-json\/wp\/v2\/comments?post=12238"}],"wp:featuredmedia":[{"embeddable":true,"href":"https:\/\/technikapcv.pl\/e-sklep\/wp-json\/wp\/v2\/media\/12226"}],"wp:attachment":[{"href":"https:\/\/technikapcv.pl\/e-sklep\/wp-json\/wp\/v2\/media?parent=12238"}],"wp:term":[{"taxonomy":"product_brand","embeddable":true,"href":"https:\/\/technikapcv.pl\/e-sklep\/wp-json\/wp\/v2\/product_brand?post=12238"},{"taxonomy":"product_cat","embeddable":true,"href":"https:\/\/technikapcv.pl\/e-sklep\/wp-json\/wp\/v2\/product_cat?post=12238"},{"taxonomy":"product_tag","embeddable":true,"href":"https:\/\/technikapcv.pl\/e-sklep\/wp-json\/wp\/v2\/product_tag?post=12238"}],"curies":[{"name":"wp","href":"https:\/\/api.w.org\/{rel}","templated":true}]}}