  {"id":12409,"date":"2025-01-19T14:20:36","date_gmt":"2025-01-19T13:20:36","guid":{"rendered":"https:\/\/technikapcv.pl\/e-sklep\/?post_type=product&#038;p=12409"},"modified":"2025-01-19T14:43:52","modified_gmt":"2025-01-19T13:43:52","slug":"kurtyna-paskowa-pcv-1184x2300x2mm-standard","status":"publish","type":"product","link":"https:\/\/technikapcv.pl\/e-sklep\/produkt\/kurtyna-paskowa-pcv-1184x2300x2mm-standard\/","title":{"rendered":"Kurtyna paskowa PCV 1184x2300x2mm standard"},"content":{"rendered":"<table width=\"538\" cellspacing=\"0\" cellpadding=\"2\">\n<tbody>\n<tr valign=\"bottom\">\n<td style=\"background: #ffffff;\" bgcolor=\"#ffffff\" width=\"187\" height=\"16\">Rozmiar kurtyny [mm]<\/td>\n<td style=\"background: #ffffff;\" bgcolor=\"#ffffff\" width=\"341\">1184x2300x2mm 7 pas\u00f3w (1.2m x 2,3m)<\/td>\n<\/tr>\n<tr valign=\"bottom\">\n<td style=\"background: #cfe2f3;\" bgcolor=\"#cfe2f3\" width=\"187\" height=\"17\">Szeroko\u015b\u0107 pasa [mm]<\/td>\n<td style=\"background: #cfe2f3;\" bgcolor=\"#cfe2f3\" width=\"341\">200mm<\/td>\n<\/tr>\n<tr valign=\"bottom\">\n<td style=\"background: #ffffff;\" bgcolor=\"#ffffff\" width=\"187\" height=\"17\">Grubo\u015b\u0107 pasa [mm]<\/td>\n<td style=\"background: #ffffff;\" bgcolor=\"#ffffff\" width=\"341\">2mm<\/td>\n<\/tr>\n<tr valign=\"bottom\">\n<td style=\"background: #cfe2f3;\" bgcolor=\"#cfe2f3\" width=\"187\" height=\"17\">Sk\u0142ad kurtyny paskowej<\/td>\n<td style=\"background: #cfe2f3;\" bgcolor=\"#cfe2f3\" width=\"341\">Wieszak INOX 984mm \/ 7 pas\u00f3w zakutych 2300mm<\/td>\n<\/tr>\n<tr valign=\"bottom\">\n<td style=\"background: #ffffff;\" bgcolor=\"#ffffff\" width=\"187\" height=\"17\">Waga [kg]<\/td>\n<td style=\"background: #ffffff;\" bgcolor=\"#ffffff\" width=\"341\">10kg<\/td>\n<\/tr>\n<tr valign=\"bottom\">\n<td style=\"background: #cfe2f3;\" bgcolor=\"#cfe2f3\" width=\"187\" height=\"17\">Kolor<\/td>\n<td style=\"background: #cfe2f3;\" bgcolor=\"#cfe2f3\" width=\"341\">Transparentny<\/td>\n<\/tr>\n<tr valign=\"top\">\n<td style=\"background: #ffffff;\" bgcolor=\"#ffffff\" width=\"187\" height=\"100\">W\u0142a\u015bciwo\u015bci<\/td>\n<td style=\"background: #ffffff;\" bgcolor=\"#ffffff\" width=\"341\">Ochrona przed wych\u0142adzaniem pomieszcze\u0144<br \/>\nRedukcja ha\u0142asu<br \/>\nOchrona przed owadami<br \/>\nOdporne na dzia\u0142ania promieni UVZakres temperatur od -10 do +50 st.C<br \/>\nDu\u017ca wytrzyma\u0142o\u015b\u0107 mechaniczna<\/td>\n<\/tr>\n<tr>\n<td style=\"background: #cfe2f3;\" valign=\"top\" bgcolor=\"#cfe2f3\" width=\"187\" height=\"17\">Zastosowanie kurtyny<\/td>\n<td style=\"background: #cfe2f3;\" valign=\"bottom\" bgcolor=\"#cfe2f3\" width=\"341\">ch\u0142odnie, magazyny , zak\u0142ady przetw\u00f3rstwa spo\u017cywczego<br \/>\nbramy roz\u0142adunkowe, izolacje stanowisk pracy,<br \/>\n\u015bluzy transportowe, przegrody spawalnicze ,wiaty, itp.<\/td>\n<\/tr>\n<tr valign=\"bottom\">\n<td style=\"background: #ffffff;\" bgcolor=\"#ffffff\" width=\"187\" height=\"17\">Zachodzenie pasa [zak\u0142ad]<\/td>\n<td style=\"background: #ffffff;\" bgcolor=\"#ffffff\" width=\"341\">35mm<\/td>\n<\/tr>\n<tr valign=\"bottom\">\n<td style=\"background: #cfe2f3;\" bgcolor=\"#cfe2f3\" width=\"187\" height=\"17\">Temperatura p\u0119kania [\u00b0C]<\/td>\n<td style=\"background: #cfe2f3;\" bgcolor=\"#cfe2f3\" width=\"341\">&#8211; 35 st.C<\/td>\n<\/tr>\n<tr valign=\"bottom\">\n<td style=\"background: #ffffff;\" bgcolor=\"#ffffff\" width=\"187\" height=\"16\">Minimalny wymiar kurtyny [mm]<\/td>\n<td style=\"background: #ffffff;\" bgcolor=\"#ffffff\" width=\"341\">&#8211;<\/td>\n<\/tr>\n<\/tbody>\n<\/table>\n","protected":false},"excerpt":{"rendered":"<p>Rozmiar kurtyny [mm] 1184x2300x2mm 7 pas\u00f3w (1.2m x 2,3m) Szeroko\u015b\u0107 pasa [mm] 200mm Grubo\u015b\u0107 pasa [mm] 2mm Sk\u0142ad kurtyny paskowej Wieszak INOX 984mm \/ 7 pas\u00f3w zakutych 2300mm Waga [kg] 10kg Kolor Transparentny W\u0142a\u015bciwo\u015bci Ochrona przed wych\u0142adzaniem pomieszcze\u0144 Redukcja ha\u0142asu Ochrona przed owadami Odporne na dzia\u0142ania promieni UVZakres temperatur od -10 do +50 st.C Du\u017ca wytrzyma\u0142o\u015b\u0107 mechaniczna Zastosowanie kurtyny ch\u0142odnie, magazyny , zak\u0142ady przetw\u00f3rstwa spo\u017cywczego bramy roz\u0142adunkowe, izolacje stanowisk pracy, \u015bluzy transportowe, przegrody spawalnicze ,wiaty, itp. Zachodzenie pasa [zak\u0142ad] 35mm Temperatura p\u0119kania [\u00b0C] &#8211; 35 st.C Minimalny wymiar kurtyny [mm] &#8211;<\/p>\n","protected":false},"featured_media":12415,"comment_status":"open","ping_status":"closed","template":"","meta":{"om_disable_all_campaigns":false,"_monsterinsights_skip_tracking":false,"_monsterinsights_sitenote_active":false,"_monsterinsights_sitenote_note":"","_monsterinsights_sitenote_category":0},"product_brand":[],"product_cat":[111],"product_tag":[],"class_list":{"0":"post-12409","1":"product","2":"type-product","3":"status-publish","4":"has-post-thumbnail","6":"product_cat-kurtyny-pcv","9":"first","10":"instock","11":"featured","12":"taxable","13":"shipping-taxable","14":"purchasable","15":"product-type-simple"},"aioseo_notices":[],"jetpack_sharing_enabled":true,"_links":{"self":[{"href":"https:\/\/technikapcv.pl\/e-sklep\/wp-json\/wp\/v2\/product\/12409","targetHints":{"allow":["GET"]}}],"collection":[{"href":"https:\/\/technikapcv.pl\/e-sklep\/wp-json\/wp\/v2\/product"}],"about":[{"href":"https:\/\/technikapcv.pl\/e-sklep\/wp-json\/wp\/v2\/types\/product"}],"replies":[{"embeddable":true,"href":"https:\/\/technikapcv.pl\/e-sklep\/wp-json\/wp\/v2\/comments?post=12409"}],"wp:featuredmedia":[{"embeddable":true,"href":"https:\/\/technikapcv.pl\/e-sklep\/wp-json\/wp\/v2\/media\/12415"}],"wp:attachment":[{"href":"https:\/\/technikapcv.pl\/e-sklep\/wp-json\/wp\/v2\/media?parent=12409"}],"wp:term":[{"taxonomy":"product_brand","embeddable":true,"href":"https:\/\/technikapcv.pl\/e-sklep\/wp-json\/wp\/v2\/product_brand?post=12409"},{"taxonomy":"product_cat","embeddable":true,"href":"https:\/\/technikapcv.pl\/e-sklep\/wp-json\/wp\/v2\/product_cat?post=12409"},{"taxonomy":"product_tag","embeddable":true,"href":"https:\/\/technikapcv.pl\/e-sklep\/wp-json\/wp\/v2\/product_tag?post=12409"}],"curies":[{"name":"wp","href":"https:\/\/api.w.org\/{rel}","templated":true}]}}